{"id":2005,"date":"2019-05-18T03:29:27","date_gmt":"2019-05-18T03:29:27","guid":{"rendered":"http:\/\/www.sam-solutions.ma\/?page_id=2005"},"modified":"2019-05-19T00:38:39","modified_gmt":"2019-05-19T00:38:39","slug":"activite-commercial","status":"publish","type":"page","link":"https:\/\/www.sam-solutions.ma\/es\/activite-commercial\/","title":{"rendered":"Actividad comercial"},"content":{"rendered":"<div id=\"pl-2005\"  class=\"panel-layout\" ><div id=\"pg-2005-0\"  class=\"panel-grid panel-no-style\" ><div id=\"pgc-2005-0-0\"  class=\"panel-grid-cell\" ><div id=\"panel-2005-0-0-0\" class=\"so-panel widget widget_sow-editor panel-first-child panel-last-child\" data-index=\"0\" ><div class=\"text-style panel-widget-style panel-widget-style-for-2005-0-0-0\" ><div\n\t\t\t\n\t\t\tclass=\"so-widget-sow-editor so-widget-sow-editor-base\"\n\t\t\t\n\t\t>\n<div class=\"siteorigin-widget-tinymce textwidget\">\n\t<p>\u00a0\u00a0 <span class=\"tlid-translation translation\" lang=\"es\"><span class=\"\" title=\"\">Las soluciones de gesti\u00f3n empresarial de SAM satisfacen las necesidades de todas las empresas marroqu\u00edes, ya sea que tengan una actividad industrial, comercial o de servicios.<\/span> <span class=\"\" title=\"\">Con la actividad comercial en el centro de sus preocupaciones, las soluciones de SAM administran toda la cadena de valor: compras, almacenamiento, fabricaci\u00f3n, tarifas, ventas, log\u00edstica, temas de distribuci\u00f3n para persuasivos<\/span> <span title=\"\">Las relaciones con los clientes y la presentaci\u00f3n de informes. <\/span><\/span><\/p>\n<p><span class=\"tlid-translation translation\" lang=\"es\"><span title=\"\">\u00a0\u00a0\u00a0 Como sus realidades son muy diferentes, la solidez de las soluciones SAM reside en su enfoque altamente configurable y su apertura a todos los dem\u00e1s sistemas de informaci\u00f3n<\/span><\/span><span class=\"tlid-translation translation\" lang=\"es\"><span class=\"\" title=\"\">.<\/span><\/span><\/span><\/span><\/p>\n<p>&nbsp;<\/p>\n<\/div>\n<\/div><\/div><\/div><\/div><\/div><div id=\"pg-2005-1\"  class=\"panel-grid panel-has-style\" ><div class=\"siteorigin-panels-stretch panel-row-style panel-row-style-for-2005-1\" style=\"background-image: url(https:\/\/www.sam-solutions.ma\/wp-content\/uploads\/2019\/05\/commercial.jpg);background-size: cover;visibility: hidden;\" data-stretch-type=\"full\" ><div id=\"pgc-2005-1-0\"  class=\"panel-grid-cell\" ><div id=\"panel-2005-1-0-0\" class=\"so-panel widget widget_sow-editor panel-first-child panel-last-child\" data-index=\"1\" ><div class=\"text-style panel-widget-style panel-widget-style-for-2005-1-0-0\" ><div\n\t\t\t\n\t\t\tclass=\"so-widget-sow-editor so-widget-sow-editor-base\"\n\t\t\t\n\t\t>\n<div class=\"siteorigin-widget-tinymce textwidget\">\n\t<\/li>\n<\/ul>\n<p><strong>\u00a0\u00a0 <span style=\"color: #ffffff;\">C<span class=\"tlid-translation translation\" lang=\"es\" tabindex=\"-1\"><span class=\"\" title=\"\">ompras<\/span><\/span><\/span><br \/>\n<\/strong><\/p>\n<ul>\n<li><span class=\"tlid-translation translation\" lang=\"es\" style=\"color: #ccffff;\"><span class=\"\" title=\"\">Gesti\u00f3n de convocatorias, compromisos, suministros.<\/span><\/span><\/li>\n<li><span class=\"tlid-translation translation\" lang=\"es\" style=\"color: #ccffff;\"><span class=\"\" title=\"\">Gesti\u00f3n del cat\u00e1logo escribo mi art\u00edculo para que revise art\u00edculos, precios, descuentos.<\/span><\/span><\/li>\n<\/ul>\n<p><strong>\u00a0\u00a0 <span style=\"color: #ffffff;\">V<span class=\"tlid-translation translation\" lang=\"es\" tabindex=\"-1\"><span title=\"\">enta<\/span><\/span><\/span><br \/>\n<\/strong><\/p>\n<ul>\n<li><span class=\"tlid-translation translation\" lang=\"es\" style=\"color: #ccffff;\"><span class=\"\" title=\"\">Cotizaciones, pedidos, albaranes, facturaci\u00f3n.<\/span><\/span><\/li>\n<li><span class=\"tlid-translation translation\" lang=\"es\" style=\"color: #ccffff;\"><span class=\"\" title=\"\">Ciclo de transformaci\u00f3n empresarial y contable.<\/span><\/span><\/li>\n<li><span class=\"tlid-translation translation\" lang=\"es\" style=\"color: #ccffff;\"><span class=\"\" title=\"\">Optimizado y seguro.<\/span><\/span><\/li>\n<li><span class=\"tlid-translation translation\" lang=\"es\" style=\"color: #ccffff;\"><span class=\"\" title=\"\">Gesti\u00f3n de puntos de venta.<\/span><\/span><\/li>\n<\/ul>\n<p><strong>\u00a0\u00a0 <span style=\"color: #ffffff;\">V<span class=\"tlid-translation translation\" lang=\"es\"><span class=\"\" title=\"\">alores<\/span><\/span><\/span><br \/>\n<\/strong><\/p>\n<ul>\n<li>\n<div class=\"text-wrap tlid-copy-target\">\n<div class=\"result-shield-container tlid-copy-target\" tabindex=\"0\"><span class=\"tlid-translation translation\" lang=\"es\" style=\"color: #ccffff;\"><span class=\"\" title=\"\">Gesti\u00f3n de dep\u00f3sitos, garant\u00eda de calidad, inventarios, valoraci\u00f3n.<\/span><\/span><\/div>\n<\/div>\n<\/li>\n<li>\n<div class=\"text-wrap tlid-copy-target\">\n<div class=\"result-shield-container tlid-copy-target\" tabindex=\"0\"><span class=\"tlid-translation translation\" lang=\"es\" style=\"color: #ccffff;\"><span class=\"\" title=\"\">Asistencia al ciclo de producci\u00f3n.<\/span><\/span><\/div>\n<\/div>\n<\/li>\n<li>\n<div class=\"text-wrap tlid-copy-target\">\n<div class=\"result-shield-container tlid-copy-target\" tabindex=\"0\"><span class=\"tlid-translation translation\" lang=\"es\" style=\"color: #ccffff;\"><span class=\"\" title=\"\">Herramientas integradas de an\u00e1lisis y decisi\u00f3n.<\/span><\/span><\/div>\n<\/div>\n<\/li>\n<\/ul>\n<p><strong>\u00a0\u00a0 <span class=\"tlid-translation translation\" lang=\"es\" style=\"color: #ffffff;\"><span class=\"\" title=\"\">log\u00edstica<\/span><\/span><br \/>\n<\/strong><\/p>\n<ul>\n<li>\n<div class=\"text-wrap tlid-copy-target\">\n<div class=\"result-shield-container tlid-copy-target\" tabindex=\"0\"><span class=\"tlid-translation translation\" lang=\"es\" style=\"color: #ccffff;\"><span class=\"\" title=\"\">Gesti\u00f3n de transportistas, embalajes, pr\u00e9stamos.<\/span><\/span><\/div>\n<\/div>\n<\/li>\n<\/ul>\n<p><span style=\"color: #ffffff;\"><strong>\u00a0\u00a0 <span class=\"tlid-translation translation\" lang=\"es\" tabindex=\"-1\"><span title=\"\">Informes<\/span><\/span><br \/>\n<\/strong><\/span><\/p>\n<ul>\n<li><span class=\"tlid-translation translation\" lang=\"es\" style=\"color: #ccffff;\" tabindex=\"-1\"><span class=\"\" title=\"\">Herramienta de informes configurable y f\u00e1cilmente explotable.<\/span><\/span><\/li>\n<li><span class=\"tlid-translation translation\" lang=\"es\" tabindex=\"-1\"><span class=\"\" title=\"\"><span style=\"color: #ccffff;\">Motor de flujo de trabajo empresarial: firmas electr\u00f3nicas, proceso de validaci\u00f3n ..<\/span>.<\/span><\/span><\/li>\n<\/ul>\n<\/div>\n<\/div><\/div><\/div><\/div><div id=\"pgc-2005-1-1\"  class=\"panel-grid-cell\" ><div id=\"panel-2005-1-1-0\" class=\"so-panel widget widget_sow-editor panel-first-child\" data-index=\"2\" ><div class=\"panel-widget-style panel-widget-style-for-2005-1-1-0\" ><div\n\t\t\t\n\t\t\tclass=\"so-widget-sow-editor so-widget-sow-editor-base\"\n\t\t\t\n\t\t>\n<div class=\"siteorigin-widget-tinymce textwidget\">\n\t<h4 style=\"text-align: left;\"><span style=\"color: #000000;\"><\/span><\/p>\n<h4 style=\"text-align: center;\"><span style=\"color: #ffffff;\"><strong><span class=\"tlid-translation translation\" lang=\"es\"><span class=\"\" title=\"\">Los mas<\/span><\/span><\/strong><\/span><\/h4>\n<p style=\"text-align: center;\"><span class=\"tlid-translation translation\" lang=\"es\" style=\"color: #ffcc99;\" tabindex=\"-1\"><span class=\"\" title=\"\">Optimizaci\u00f3n de la cadena log\u00edstica.<\/span><\/span><\/p>\n<p style=\"text-align: center;\"><span class=\"tlid-translation translation\" lang=\"es\" style=\"color: #ffcc99;\"><span class=\"\" title=\"\">Funciones avanzadas de gesti\u00f3n de fabricaci\u00f3n<\/span><\/span><\/p>\n<p style=\"text-align: center;\"><span class=\"tlid-translation translation\" lang=\"es\" style=\"color: #ffcc99;\"><span class=\"\" title=\"\">Gesti\u00f3n avanzada de contratos y negocios.<\/span><\/span><\/p>\n<p style=\"text-align: center;\"><span style=\"color: #ffcc99;\"><span class=\"tlid-translation translation\" lang=\"es\"><span class=\"\" title=\"\">Tratamientos acelerados y costes optimizados.<\/span><\/span><\/span><\/p>\n<p style=\"text-align: center;\"><span class=\"tlid-translation translation\" lang=\"es\"><span class=\"\" title=\"\"><span style=\"color: #ffcc99;\">Numerosos indicadores y condiciones de negocio.<\/span><\/span><\/span><\/p>\n<p style=\"text-align: left;\"><span class=\"tlid-translation translation\" lang=\"es\"><span class=\"\" title=\"\"><\/span><\/span><\/span><\/p>\n<p>&nbsp;<\/p>\n<\/div>\n<\/div><\/div><\/div><div id=\"panel-2005-1-1-1\" class=\"so-panel widget widget_sow-editor panel-last-child\" data-index=\"3\" ><div class=\"panel-widget-style panel-widget-style-for-2005-1-1-1\" ><div\n\t\t\t\n\t\t\tclass=\"so-widget-sow-editor so-widget-sow-editor-base\"\n\t\t\t\n\t\t>\n<div class=\"siteorigin-widget-tinymce textwidget\">\n\t<p style=\"text-align: center;\"><strong><span style=\"color: #ffffff;\">Nuestras S<span class=\"tlid-translation translation\" lang=\"es\" tabindex=\"-1\"><span class=\"\" title=\"\">oluciones<\/span><\/span><\/span><br \/>\n<\/strong><\/p>\n<p style=\"text-align: center;\"><strong>\u00a0\u00a0<span style=\"color: #ff9900;\">SAM 30 <span class=\"tlid-translation translation\" lang=\"es\"><span class=\"\" title=\"\">Edici\u00f3n editada de gesti\u00f3n comercial.<\/span><\/span><\/span><\/strong><br \/>\n<span class=\"tlid-translation translation\" lang=\"es\" style=\"color: #ffcc99;\" tabindex=\"-1\"><span title=\"\">Opci\u00f3n 100% fiabilidad y sencillez.<\/span><\/span><\/p>\n<p style=\"text-align: center;\"><strong>\u00a0<span style=\"color: #ff9900;\">\u00a0SAM 100 <span class=\"tlid-translation translation\" lang=\"es\"><span class=\"\" title=\"\">Edici\u00f3n editada de gesti\u00f3n comercial.<\/span><\/span><\/span><\/strong><br \/>\n<span class=\"tlid-translation translation\" lang=\"es\" style=\"color: #ffcc99;\" tabindex=\"-1\"><span title=\"\">Indicadores de negocio relevantes y efectivos.<\/span><\/span><\/p>\n<p style=\"text-align: center;\"><strong>\u00a0<span style=\"color: #ff9900;\">\u00a0SAM X3<\/span><\/strong><br \/>\n<span class=\"tlid-translation translation\" lang=\"es\" style=\"color: #ffcc99;\"><span class=\"\" title=\"\">M\u00e1xima riqueza funcional, totalmente personalizable.<\/span><\/span><\/p>\n<p style=\"text-align: center;\"><strong>\u00a0\u00a0<span style=\"color: #ff9900;\">SAM 1000<\/span><\/strong><br \/>\n<span class=\"tlid-translation translation\" lang=\"es\" style=\"color: #ffcc99;\"><span class=\"\" title=\"\">Control de flujos relacionados con la actividad comercial..<\/span><\/span><\/p>\n<p>&nbsp;<\/p>\n<\/div>\n<\/div><\/div><\/div><\/div><\/div><\/div><\/div>","protected":false},"excerpt":{"rendered":"<p>\u00a0\u00a0 Las soluciones de gesti\u00f3n empresarial de SAM satisfacen las necesidades de todas las empresas marroqu\u00edes, ya sea que tengan una actividad industrial, comercial o de servicios. Con la actividad comercial en el centro de sus preocupaciones, las soluciones de &hellip; <a href=\"https:\/\/www.sam-solutions.ma\/es\/activite-commercial\/\">Read More<\/a><\/p>\n","protected":false},"author":1,"featured_media":0,"parent":0,"menu_order":0,"comment_status":"closed","ping_status":"closed","template":"page-fullwidth.php","meta":{"footnotes":""},"class_list":["post-2005","page","type-page","status-publish","hentry"],"aioseo_notices":[],"_links":{"self":[{"href":"https:\/\/www.sam-solutions.ma\/es\/wp-json\/wp\/v2\/pages\/2005","targetHints":{"allow":["GET"]}}],"collection":[{"href":"https:\/\/www.sam-solutions.ma\/es\/wp-json\/wp\/v2\/pages"}],"about":[{"href":"https:\/\/www.sam-solutions.ma\/es\/wp-json\/wp\/v2\/types\/page"}],"author":[{"embeddable":true,"href":"https:\/\/www.sam-solutions.ma\/es\/wp-json\/wp\/v2\/users\/1"}],"replies":[{"embeddable":true,"href":"https:\/\/www.sam-solutions.ma\/es\/wp-json\/wp\/v2\/comments?post=2005"}],"version-history":[{"count":23,"href":"https:\/\/www.sam-solutions.ma\/es\/wp-json\/wp\/v2\/pages\/2005\/revisions"}],"predecessor-version":[{"id":2053,"href":"https:\/\/www.sam-solutions.ma\/es\/wp-json\/wp\/v2\/pages\/2005\/revisions\/2053"}],"wp:attachment":[{"href":"https:\/\/www.sam-solutions.ma\/es\/wp-json\/wp\/v2\/media?parent=2005"}],"curies":[{"name":"wp","href":"https:\/\/api.w.org\/{rel}","templated":true}]}}