{"id":58,"date":"2016-02-03T22:53:43","date_gmt":"2016-02-03T22:53:43","guid":{"rendered":"http:\/\/www.sam-solutions.ma\/?page_id=58"},"modified":"2019-05-19T00:35:41","modified_gmt":"2019-05-19T00:35:41","slug":"comptabilite","status":"publish","type":"page","link":"https:\/\/www.sam-solutions.ma\/es\/comptabilite\/","title":{"rendered":"contabilidad"},"content":{"rendered":"<div id=\"pl-58\"  class=\"panel-layout\" ><div id=\"pg-58-0\"  class=\"panel-grid panel-no-style\" ><div id=\"pgc-58-0-0\"  class=\"panel-grid-cell\" ><div id=\"panel-58-0-0-0\" class=\"so-panel widget widget_sow-editor panel-first-child panel-last-child\" data-index=\"0\" ><div class=\"text-style panel-widget-style panel-widget-style-for-58-0-0-0\" ><div\n\t\t\t\n\t\t\tclass=\"so-widget-sow-editor so-widget-sow-editor-base\"\n\t\t\t\n\t\t>\n<div class=\"siteorigin-widget-tinymce textwidget\">\n\t<p style=\"text-align: left;text-align :justify;\">\u00a0 \u00a0\u00a0 <\/span><\/span>\u00a0 <span class=\"tlid-translation translation\" lang=\"es\" tabindex=\"-1\"><span title=\"\">Como centro de nicho de la empresa marroqu\u00ed, el sistema de contabilidad converge y estructura todos los datos financieros de la compa\u00f1\u00eda, lo que le permite producir, controlar, analizar y analizar<\/span> <span title=\"\">restituir el conjunto de discursos persuasivos, temas de prueba, indicadores necesarios para una gesti\u00f3n controlada y centralizada de la actividad.<\/span> <span class=\"\" title=\"\">Las soluciones de contabilidad SAM modulares o integradas le permiten mantener sus cuentas en perfecto estado, ofreci\u00e9ndole indicadores adaptados a su funci\u00f3n y asegurando el cumplimiento de las obligaciones legales.<\/span><\/span><\/p>\n<\/div>\n<\/div><\/div><\/div><\/div><\/div><div id=\"pg-58-1\"  class=\"panel-grid panel-has-style\" ><div class=\"siteorigin-panels-stretch panel-row-style panel-row-style-for-58-1\" style=\"background-image: url(https:\/\/www.sam-solutions.ma\/wp-content\/uploads\/2019\/05\/accounting-background.jpg);background-size: cover;visibility: hidden;\" data-stretch-type=\"full\" ><div id=\"pgc-58-1-0\"  class=\"panel-grid-cell\" ><div id=\"panel-58-1-0-0\" class=\"so-panel widget widget_sow-editor panel-first-child panel-last-child\" data-index=\"1\" ><div class=\"text-style panel-widget-style panel-widget-style-for-58-1-0-0\" ><div\n\t\t\t\n\t\t\tclass=\"so-widget-sow-editor so-widget-sow-editor-base\"\n\t\t\t\n\t\t>\n<div class=\"siteorigin-widget-tinymce textwidget\">\n\t<p><span class=\"tlid-translation translation\" lang=\"es\" tabindex=\"-1\"><span class=\"\" title=\"\"><\/span><\/span><span style=\"color: #ffffff;\"><strong><span class=\"tlid-translation translation\" lang=\"es\" tabindex=\"-1\"><span class=\"\" title=\"\">Contabilidad<\/span><\/span><\/strong><\/span><span class=\"tlid-translation translation\" lang=\"es\" tabindex=\"-1\"><span class=\"\" title=\"\"><\/span><\/span><span class=\"tlid-translation translation\" lang=\"es\" tabindex=\"-1\"><span class=\"\" title=\"\"><span class=\"tlid-translation translation\" lang=\"en\" tabindex=\"-1\"><\/span><\/span><\/span><\/p>\n<p><\/span><\/span><\/span><\/p>\n<p><\/span><\/span><\/span><\/p>\n<ul>\n<li><span class=\"tlid-translation translation\" lang=\"es\" style=\"color: #ccffcc;\" tabindex=\"-1\"><span title=\"\">Contabilidad general, auxiliar, presupuestaria, anal\u00edtica y grupal.<\/span><\/span><\/li>\n<li><span class=\"tlid-translation translation\" lang=\"es\" style=\"color: #ccffcc;\" tabindex=\"-1\"><span title=\"\">Gesti\u00f3n de presupuestos y compromisos.<\/span><\/span><\/li>\n<li><span class=\"tlid-translation translation\" lang=\"es\" style=\"color: #ccffcc;\" tabindex=\"-1\"><span title=\"\">Gesti\u00f3n de la normativa y riesgo del cliente.<\/span><\/span><\/li>\n<li><span class=\"tlid-translation translation\" lang=\"es\" style=\"color: #ccffcc;\" tabindex=\"-1\"><span title=\"\">Gesti\u00f3n de misiones peri\u00f3dicas: cercos, declaraciones, ... Simplificaci\u00f3n fiscal y tr\u00e1mites administrativos.<\/span><\/span><\/li>\n<\/ul>\n<p><span class=\"tlid-translation translation\" lang=\"es\" tabindex=\"-1\"><span class=\"\" title=\"\"><span class=\"tlid-translation translation\" lang=\"en\" tabindex=\"-1\"><\/span><\/span><\/span><\/span><\/span><\/span><span class=\"tlid-translation translation\" lang=\"es\" tabindex=\"-1\"><span title=\"\"><\/span><\/span><span style=\"color: #ffffff;\"><strong><span class=\"tlid-translation translation\" lang=\"es\" tabindex=\"-1\"><span title=\"\">Gesti\u00f3n de activos<\/span><\/span><\/strong><\/span><span class=\"tlid-translation translation\" lang=\"es\" tabindex=\"-1\"><span title=\"\"><span class=\"\" title=\"\"><span class=\"tlid-translation translation\" lang=\"en\" tabindex=\"-1\"><\/span><\/span><\/span><\/span><span class=\"tlid-translation translation\" lang=\"es\" tabindex=\"-1\"><span title=\"\"><span class=\"tlid-translation translation\" lang=\"en\" tabindex=\"-1\"><\/span><\/span><\/span><\/span><\/p>\n<p><\/span><\/span><\/span><\/span><\/span><\/span><\/p>\n<ul>\n<li><span class=\"tlid-translation translation\" lang=\"es\" style=\"color: #ccffcc;\" tabindex=\"-1\"><span title=\"\">Gesti\u00f3n de activos, inventarios, inversiones y compromisos.<\/span><\/span><\/li>\n<li><span class=\"tlid-translation translation\" lang=\"es\" style=\"color: #ccffcc;\" tabindex=\"-1\"><span title=\"\">Pluralidad de los esquemas de depreciaci\u00f3n.<\/span><\/span><\/li>\n<\/ul>\n<p><span class=\"tlid-translation translation\" lang=\"es\" tabindex=\"-1\"><span class=\"\" title=\"\"><span class=\"tlid-translation translation\" lang=\"en\" tabindex=\"-1\"><\/span><\/span><\/span><\/p>\n<p><\/span><\/span><\/span><span class=\"tlid-translation translation\" lang=\"es\" tabindex=\"-1\"><span title=\"\"><\/span><\/span><span style=\"color: #ffffff;\"><span class=\"tlid-translation translation\" lang=\"es\" tabindex=\"-1\"><span title=\"\"><strong>Informes financieros<\/strong><\/span><\/span><\/span><span class=\"tlid-translation translation\" lang=\"es\" tabindex=\"-1\"><span title=\"\"><span class=\"\" title=\"\"><span class=\"tlid-translation translation\" lang=\"en\" tabindex=\"-1\"><\/span><\/span><\/span><\/span><span class=\"tlid-translation translation\" lang=\"es\" tabindex=\"-1\"><span title=\"\"><\/span><\/span><\/span><\/span><\/p>\n<p><\/span><\/span><\/span><\/span><\/span><\/span><\/p>\n<ul>\n<li><span class=\"tlid-translation translation\" lang=\"es\" style=\"color: #ccffcc;\" tabindex=\"-1\"><span title=\"\">Consolidaci\u00f3n legal<\/span><\/span><\/li>\n<li><span class=\"tlid-translation translation\" lang=\"es\" style=\"color: #ccffcc;\" tabindex=\"-1\"><span title=\"\">Cuadros de mandos pre-parametrizados.<\/span><\/span><\/li>\n<li><span class=\"tlid-translation translation\" lang=\"es\" style=\"color: #ccffcc;\" tabindex=\"-1\"><span title=\"\">Herramientas integradas de an\u00e1lisis y decisi\u00f3n.<\/span><\/span><\/li>\n<\/ul>\n<p><span class=\"tlid-translation translation\" lang=\"es\" tabindex=\"-1\"><span class=\"\" title=\"\"><span class=\"tlid-translation translation\" lang=\"en\" tabindex=\"-1\"><\/span><\/span><\/span><\/p>\n<\/div>\n<\/div><\/div><\/div><\/div><div id=\"pgc-58-1-1\"  class=\"panel-grid-cell\" ><div id=\"panel-58-1-1-0\" class=\"so-panel widget widget_sow-editor panel-first-child\" data-index=\"2\" ><div class=\"panel-widget-style panel-widget-style-for-58-1-1-0\" ><div\n\t\t\t\n\t\t\tclass=\"so-widget-sow-editor so-widget-sow-editor-base\"\n\t\t\t\n\t\t>\n<div class=\"siteorigin-widget-tinymce textwidget\">\n\t<p><\/span><\/p>\n<p style=\"text-align: center; color: #fff; font-size: 18px; padding: 10px 0 10px 0;\"><strong><span class=\"tlid-translation translation\" lang=\"es\" tabindex=\"-1\"><span title=\"\">Los mas<\/span><\/span><\/strong><\/p>\n<p style=\"text-align: center;\"><span class=\"tlid-translation translation\" lang=\"es\" style=\"color: #ffcc99;\" tabindex=\"-1\"><span title=\"\">Gesti\u00f3n diaria sencilla y eficiente.<\/span><\/span><\/p>\n<p style=\"text-align: center;\"><span class=\"tlid-translation translation\" lang=\"es\" style=\"color: #ffcc99;\" tabindex=\"-1\"><span title=\"\">Automatizaci\u00f3n de procesos empresariales y t\u00e9cnicos.<\/span><\/span><\/p>\n<p style=\"text-align: center;\"><span class=\"tlid-translation translation\" lang=\"es\" style=\"color: #ffcc99;\" tabindex=\"-1\"><span class=\"\" title=\"\">Seguridad y trazabilidad asegurada.<\/span><\/span><\/p>\n<p style=\"text-align: center;\"><span class=\"tlid-translation translation\" lang=\"es\" style=\"color: #ffcc99;\" tabindex=\"-1\"><span class=\"\" title=\"\">Control y an\u00e1lisis de negocios compatible con IAS \/ IFRS<\/span><\/span><\/span><\/span><\/p>\n<p>&nbsp;<\/p>\n<\/div>\n<\/div><\/div><\/div><div id=\"panel-58-1-1-1\" class=\"so-panel widget widget_sow-editor panel-last-child\" data-index=\"3\" ><div class=\"panel-widget-style panel-widget-style-for-58-1-1-1\" ><div\n\t\t\t\n\t\t\tclass=\"so-widget-sow-editor so-widget-sow-editor-base\"\n\t\t\t\n\t\t>\n<div class=\"siteorigin-widget-tinymce textwidget\">\n\t<p><\/span><\/p>\n<p style=\"text-align: center; color: #fff; font-size: 18px; padding: 10px 0 10px 0;\"><strong><span class=\"tlid-translation translation\" lang=\"en\" tabindex=\"-1\"><span title=\"\"><span class=\"tlid-translation translation\" lang=\"es\" tabindex=\"-1\">Nuestras soluciones<\/span><\/span><\/span><\/strong><\/p>\n<p style=\"text-align: center;\"><span class=\"tlid-translation translation\" lang=\"es\" style=\"color: #ffcc99;\"><span class=\"\" title=\"\"><span style=\"color: #ff9900;\"><strong>SAM 30 Accounting Driven<\/strong> Edition<\/span> <\/span><\/span><\/p>\n<p style=\"text-align: center;\"><span class=\"tlid-translation translation\" lang=\"es\" style=\"color: #ffcc99;\"><span class=\"\" title=\"\">Acceso simple a su primera contabilidad.<\/span><\/span><\/p>\n<p style=\"text-align: center;\"><span class=\"tlid-translation translation\" lang=\"en\" style=\"color: #ff9900;\"><span title=\"\"><strong>SAM 100<\/strong> <span class=\"tlid-translation translation\" lang=\"es\" tabindex=\"-1\">Suite Contable y Financiera.<\/span><\/span><\/span><\/p>\n<p style=\"text-align: center;\"><span class=\"tlid-translation translation\" lang=\"es\" style=\"color: #ffcc99;\"><span class=\"\" title=\"\"><span style=\"color: #ff9900;\"><strong>SAM 1000 FRP<\/strong> (Planificaci\u00f3n de recursos financieros)<\/span> <\/span><\/span><\/p>\n<p style=\"text-align: center;\"><span class=\"tlid-translation translation\" lang=\"es\" style=\"color: #ffcc99;\"><span class=\"\" title=\"\">Vista en 360 \u00b0 de su Departamento financiero..<\/span><\/span><\/p>\n<p style=\"text-align: center;\"><span style=\"color: #ff9900;\"><span class=\"tlid-translation translation\" lang=\"es\"><span class=\"tlid-translation translation\" lang=\"es\"><span class=\"\" title=\"\"><strong>SAM X3<\/strong> Gestion financi\u00e8re<\/span><\/span><\/span><\/span><\/p>\n<p style=\"text-align: center;\"><span style=\"color: #ffcc99;\"><span class=\"tlid-translation translation\" lang=\"es\"><span class=\"tlid-translation translation\" lang=\"es\"><span class=\"\" title=\"\"> Approche fonctionnelle sur mesure et \u00e9volutive.<\/span><\/span><\/span><\/span><br \/>\n<\/span><\/span><\/div>\n<div class=\"tlid-transliteration-content transliteration-content full\"><\/div>\n<div><\/div>\n<\/div>\n<\/div><\/div><\/div><\/div><\/div><\/div><\/div>","protected":false},"excerpt":{"rendered":"<p>\u00a0 \u00a0\u00a0 \u00a0 Como centro de nicho de la empresa marroqu\u00ed, el sistema de contabilidad converge y estructura todos los datos financieros de la compa\u00f1\u00eda, lo que le permite producir, controlar, analizar y analizar restituir el conjunto de discursos persuasivos, &hellip; <a href=\"https:\/\/www.sam-solutions.ma\/es\/comptabilite\/\">Read More<\/a><\/p>\n","protected":false},"author":1,"featured_media":0,"parent":0,"menu_order":0,"comment_status":"closed","ping_status":"closed","template":"page-fullwidth.php","meta":{"footnotes":""},"class_list":["post-58","page","type-page","status-publish","hentry"],"aioseo_notices":[],"_links":{"self":[{"href":"https:\/\/www.sam-solutions.ma\/es\/wp-json\/wp\/v2\/pages\/58","targetHints":{"allow":["GET"]}}],"collection":[{"href":"https:\/\/www.sam-solutions.ma\/es\/wp-json\/wp\/v2\/pages"}],"about":[{"href":"https:\/\/www.sam-solutions.ma\/es\/wp-json\/wp\/v2\/types\/page"}],"author":[{"embeddable":true,"href":"https:\/\/www.sam-solutions.ma\/es\/wp-json\/wp\/v2\/users\/1"}],"replies":[{"embeddable":true,"href":"https:\/\/www.sam-solutions.ma\/es\/wp-json\/wp\/v2\/comments?post=58"}],"version-history":[{"count":128,"href":"https:\/\/www.sam-solutions.ma\/es\/wp-json\/wp\/v2\/pages\/58\/revisions"}],"predecessor-version":[{"id":2050,"href":"https:\/\/www.sam-solutions.ma\/es\/wp-json\/wp\/v2\/pages\/58\/revisions\/2050"}],"wp:attachment":[{"href":"https:\/\/www.sam-solutions.ma\/es\/wp-json\/wp\/v2\/media?parent=58"}],"curies":[{"name":"wp","href":"https:\/\/api.w.org\/{rel}","templated":true}]}}