{"id":65,"date":"2016-02-03T22:58:35","date_gmt":"2016-02-03T22:58:35","guid":{"rendered":"http:\/\/www.sam-solutions.ma\/?page_id=65"},"modified":"2019-05-19T00:42:13","modified_gmt":"2019-05-19T00:42:13","slug":"paie-ressources-humaines","status":"publish","type":"page","link":"https:\/\/www.sam-solutions.ma\/es\/paie-ressources-humaines\/","title":{"rendered":"N\u00f3mina y Recursos Humanos"},"content":{"rendered":"<div id=\"pl-65\"  class=\"panel-layout\" ><div id=\"pg-65-0\"  class=\"panel-grid panel-no-style\" ><div id=\"pgc-65-0-0\"  class=\"panel-grid-cell\" ><div id=\"panel-65-0-0-0\" class=\"so-panel widget widget_sow-editor panel-first-child panel-last-child\" data-index=\"0\" ><div class=\"text-style panel-widget-style panel-widget-style-for-65-0-0-0\" ><div\n\t\t\t\n\t\t\tclass=\"so-widget-sow-editor so-widget-sow-editor-base\"\n\t\t\t\n\t\t>\n<div class=\"siteorigin-widget-tinymce textwidget\">\n\t<p>\u00a0\u00a0 Situar a R.H. en el centro de su estrategia corporativa se ha convertido en una condici\u00f3n esencial para el crecimiento de las empresas marroqu\u00edes. Las soluciones de n\u00f3mina y recursos humanos de SAM se han dise\u00f1ado para facilitar la administraci\u00f3n del personal y fomentar la gesti\u00f3n del capital humano en las empresas marroqu\u00edes, independientemente de su fuerza laboral.<\/p>\n<p>\u00a0\u00a0 Nuestras soluciones son gerentes libres y DRH de sus tareas sociales, administrativas y rutinarias. Est\u00e1n dedicados a desarrollar nuevas estrategias sociales y maximizar la empleabilidad para que sea una ventaja competitiva.<\/p>\n<\/div>\n<\/div><\/div><\/div><\/div><\/div><div id=\"pg-65-1\"  class=\"panel-grid panel-has-style\" ><div class=\"siteorigin-panels-stretch panel-row-style panel-row-style-for-65-1\" style=\"background-image: url(https:\/\/www.sam-solutions.ma\/wp-content\/uploads\/2019\/05\/aceef6d078c24ad92392b0ad066af923f2f96012.jpg);background-size: cover;visibility: hidden;\" data-stretch-type=\"full\" ><div id=\"pgc-65-1-0\"  class=\"panel-grid-cell\" ><div id=\"panel-65-1-0-0\" class=\"so-panel widget widget_sow-editor panel-first-child\" data-index=\"1\" ><div class=\"text-style panel-widget-style panel-widget-style-for-65-1-0-0\" ><div\n\t\t\t\n\t\t\tclass=\"so-widget-sow-editor so-widget-sow-editor-base\"\n\t\t\t\n\t\t>\n<div class=\"siteorigin-widget-tinymce textwidget\">\n\t<p><strong style=\"color: blue;\"><span style=\"color: #ffffff;\">\u00a0\u00a0 <span class=\"tlid-translation translation\" lang=\"es\" tabindex=\"-1\"><span class=\"\" title=\"\">Valorando el capital humano de la empresa.<\/span><\/span><\/span><br \/>\n<\/strong><\/p>\n<ul>\n<li><span class=\"tlid-translation translation\" lang=\"es\" style=\"color: #ccffff;\" tabindex=\"-1\"><span title=\"\">Implementaci\u00f3n del plan de formaci\u00f3n y formaci\u00f3n continuada.<\/span><br \/>\n<\/span><\/li>\n<li><span class=\"tlid-translation translation\" lang=\"es\" style=\"color: #ccffff;\" tabindex=\"-1\"><span title=\"\">Seguimiento de carreras y habilidades (GPEC).<\/span><br \/>\n<\/span><\/li>\n<li><span class=\"tlid-translation translation\" lang=\"es\" style=\"color: #ccffff;\" tabindex=\"-1\"><span class=\"\" title=\"\">Estado de seguimiento de las entrevistas anuales de los empleados.<\/span><\/span><\/li>\n<\/ul>\n<p><span style=\"color: #ffffff;\"><strong><span class=\"tlid-translation translation\" lang=\"es\" tabindex=\"-1\"><span class=\"\" title=\"\">\u00a0\u00a0 Comparte informaci\u00f3n con tus empleados.<\/span><\/span><\/strong><\/span><\/p>\n<ul>\n<li><span class=\"tlid-translation translation\" lang=\"es\" style=\"color: #ccffff;\" tabindex=\"-1\"><span class=\"\" title=\"\">Gesti\u00f3n del flujo de trabajo: solicitudes de informe de gastos de ausencia, entrevistas<\/span><\/span><\/li>\n<\/ul>\n<\/div>\n<\/div><\/div><\/div><div id=\"panel-65-1-0-1\" class=\"so-panel widget widget_sow-editor panel-last-child\" data-index=\"2\" ><div class=\"text-style panel-widget-style panel-widget-style-for-65-1-0-1\" ><div\n\t\t\t\n\t\t\tclass=\"so-widget-sow-editor so-widget-sow-editor-base\"\n\t\t\t\n\t\t>\n<div class=\"siteorigin-widget-tinymce textwidget\">\n\t<p><span style=\"color: #ffffff;\"><strong><span class=\"tlid-translation translation\" lang=\"es\" tabindex=\"-1\"><span class=\"\" title=\"\">\u00a0\u00a0 Gestionar la producci\u00f3n de n\u00f3minas.<\/span><\/span><\/strong><\/span><\/p>\n<ul>\n<li><span class=\"tlid-translation translation\" lang=\"es\" style=\"color: #ccffff;\" tabindex=\"-1\"><span title=\"\">Gesti\u00f3n de n\u00f3minas y seguimiento administrativo de los empleados.<\/span><br \/>\n<\/span><\/li>\n<li><span class=\"tlid-translation translation\" lang=\"es\" style=\"color: #ccffff;\" tabindex=\"-1\"><span title=\"\">Cumplimiento de la evoluci\u00f3n legal marroqu\u00ed.<\/span><br \/>\n<\/span><\/li>\n<li><span class=\"tlid-translation translation\" lang=\"es\" style=\"color: #ccffff;\" tabindex=\"-1\"><span class=\"\" title=\"\">M\u00f3dulos de declaraci\u00f3n: CNSS, IR, CIMR, etc ...<\/span><\/span><\/li>\n<\/ul>\n<p><span style=\"color: #ffffff;\"><strong><span class=\"tlid-translation translation\" lang=\"es\" tabindex=\"-1\"><span title=\"\">\u00a0\u00a0 Analizar la productividad social<\/span><\/span><\/strong><\/span><\/p>\n<ul>\n<li><span class=\"tlid-translation translation\" lang=\"es\" style=\"color: #ccffff;\" tabindex=\"-1\"><span title=\"\">Seguimiento de la actividad de los colaboradores.<\/span><br \/>\n<\/span><\/li>\n<li><span class=\"tlid-translation translation\" lang=\"es\" style=\"color: #ccffff;\" tabindex=\"-1\"><span title=\"\">Interfaces con todas las herramientas de gesti\u00f3n del tiempo.<\/span><br \/>\n<\/span><\/li>\n<li><span class=\"tlid-translation translation\" lang=\"es\" style=\"color: #ccffff;\" tabindex=\"-1\"><span title=\"\">Direcci\u00f3n social: generador de estado, control de costes y productividad.<\/span><\/span><\/li>\n<\/ul>\n<\/div>\n<\/div><\/div><\/div><\/div><div id=\"pgc-65-1-1\"  class=\"panel-grid-cell\" ><div id=\"panel-65-1-1-0\" class=\"so-panel widget widget_sow-editor panel-first-child\" data-index=\"3\" ><div class=\"panel-widget-style panel-widget-style-for-65-1-1-0\" ><div\n\t\t\t\n\t\t\tclass=\"so-widget-sow-editor so-widget-sow-editor-base\"\n\t\t\t\n\t\t>\n<div class=\"siteorigin-widget-tinymce textwidget\">\n\t<p style=\"text-align: center; color: #fff; font-size: 18px; padding: 10px 0 10px 0;\"><strong><span class=\"tlid-translation translation\" lang=\"es\" tabindex=\"-1\"><span title=\"\">Los mas<\/span><\/span><\/strong><\/p>\n<p style=\"text-align: center;\">\u00a0<span style=\"color: #ffcc99;\"><strong><span class=\"tlid-translation translation\" lang=\"es\" tabindex=\"-1\"><span title=\"\">Cumplimiento de la legislaci\u00f3n marroqu\u00ed.<\/span><\/span><\/strong><\/span><\/p>\n<p style=\"text-align: center;\"><span style=\"color: #ffcc99;\"><strong><span class=\"tlid-translation translation\" lang=\"es\" tabindex=\"-1\"><span title=\"\">\u00a0Magos incrustados<\/span><\/span><\/strong><\/span><\/p>\n<p style=\"text-align: center;\"><span style=\"color: #ffcc99;\"><strong><span class=\"tlid-translation translation\" lang=\"es\" tabindex=\"-1\"><span title=\"\">\u00a0Enfoque 360 \u00b0 del empleado.<\/span><\/span><\/strong><\/span><\/p>\n<p style=\"text-align: center;\"><span style=\"color: #ffcc99;\"><strong><span class=\"tlid-translation translation\" lang=\"es\" tabindex=\"-1\"><span class=\"\" title=\"\">\u00a0Portal colaborativo<\/span><\/span><\/strong><\/span><\/p>\n<p style=\"text-align: center;\"><span style=\"color: #ffcc99;\"><strong><span class=\"tlid-translation translation\" lang=\"es\" tabindex=\"-1\"><span title=\"\">\u00a0Direcci\u00f3n social integrada<\/span><\/span><\/strong><\/span><\/p>\n<p>&nbsp;<\/p>\n<\/div>\n<\/div><\/div><\/div><div id=\"panel-65-1-1-1\" class=\"so-panel widget widget_sow-editor panel-last-child\" data-index=\"4\" ><div class=\"panel-widget-style panel-widget-style-for-65-1-1-1\" ><div\n\t\t\t\n\t\t\tclass=\"so-widget-sow-editor so-widget-sow-editor-base\"\n\t\t\t\n\t\t>\n<div class=\"siteorigin-widget-tinymce textwidget\">\n\t<p style=\"text-align: center; color: #fff; font-size: 18px; #2f7fad; padding: 10px 0 10px 0;\"><strong><span class=\"tlid-translation translation\" lang=\"es\" tabindex=\"-1\"><span title=\"\">Nuestras soluciones<\/span><\/span><\/strong><\/p>\n<p style=\"color: #ad2fa9; text-align: center;\"><span style=\"color: #ff9900;\"><strong>\u00a0\u00a0 <span class=\"tlid-translation translation\" lang=\"es\"><span class=\"\" title=\"\">SAM paga Base<\/span><\/span><\/strong><\/span><br \/>\n<span class=\"tlid-translation translation\" lang=\"es\" style=\"color: #ffcc99;\"><span class=\"\" title=\"\">Producci\u00f3n sencilla de boletines.<\/span><\/span><\/p>\n<p style=\"color: #ad2fa9; text-align: center;\"><span style=\"color: #ff9900;\"><strong>\u00a0\u00a0 <span class=\"tlid-translation translation\" lang=\"es\"><span class=\"\" title=\"\">SAM Paie Pack + Edici\u00f3n dirigida<\/span><\/span><\/strong><\/span><br \/>\n<span class=\"tlid-translation translation\" lang=\"es\" style=\"color: #ffcc99;\"><span class=\"\" title=\"\">Para controlar mejor su n\u00f3mina.<\/span><\/span><\/p>\n<p style=\"color: #ad2fa9; text-align: center;\"><span style=\"color: #ff9900;\"><strong> <span class=\"tlid-translation translation\" lang=\"es\"><span class=\"\" title=\"\">SAM X3<\/span><\/span>\u00a0 <span class=\"tlid-translation translation\" lang=\"es\"><span class=\"\" title=\"\">Gesti\u00f3n de recursos humanos\u00a0<\/span><\/span><\/strong><\/span><br \/>\n<span class=\"tlid-translation translation\" lang=\"es\" style=\"color: #ffcc99;\"><span class=\"\" title=\"\">Para una gesti\u00f3n eficiente, social y colaborativa.<\/span><\/span><\/p>\n<p>&nbsp;<\/p>\n<\/div>\n<\/div><\/div><\/div><\/div><\/div><\/div><\/div>","protected":false},"excerpt":{"rendered":"<p>\u00a0\u00a0 Situar a R.H. en el centro de su estrategia corporativa se ha convertido en una condici\u00f3n esencial para el crecimiento de las empresas marroqu\u00edes. Las soluciones de n\u00f3mina y recursos humanos de SAM se han dise\u00f1ado para facilitar la &hellip; <a href=\"https:\/\/www.sam-solutions.ma\/es\/paie-ressources-humaines\/\">Read More<\/a><\/p>\n","protected":false},"author":1,"featured_media":0,"parent":0,"menu_order":0,"comment_status":"closed","ping_status":"closed","template":"page-fullwidth.php","meta":{"footnotes":""},"class_list":["post-65","page","type-page","status-publish","hentry"],"aioseo_notices":[],"_links":{"self":[{"href":"https:\/\/www.sam-solutions.ma\/es\/wp-json\/wp\/v2\/pages\/65","targetHints":{"allow":["GET"]}}],"collection":[{"href":"https:\/\/www.sam-solutions.ma\/es\/wp-json\/wp\/v2\/pages"}],"about":[{"href":"https:\/\/www.sam-solutions.ma\/es\/wp-json\/wp\/v2\/types\/page"}],"author":[{"embeddable":true,"href":"https:\/\/www.sam-solutions.ma\/es\/wp-json\/wp\/v2\/users\/1"}],"replies":[{"embeddable":true,"href":"https:\/\/www.sam-solutions.ma\/es\/wp-json\/wp\/v2\/comments?post=65"}],"version-history":[{"count":97,"href":"https:\/\/www.sam-solutions.ma\/es\/wp-json\/wp\/v2\/pages\/65\/revisions"}],"predecessor-version":[{"id":2054,"href":"https:\/\/www.sam-solutions.ma\/es\/wp-json\/wp\/v2\/pages\/65\/revisions\/2054"}],"wp:attachment":[{"href":"https:\/\/www.sam-solutions.ma\/es\/wp-json\/wp\/v2\/media?parent=65"}],"curies":[{"name":"wp","href":"https:\/\/api.w.org\/{rel}","templated":true}]}}