{"id":69,"date":"2016-02-03T22:59:43","date_gmt":"2016-02-03T22:59:43","guid":{"rendered":"http:\/\/www.sam-solutions.ma\/?page_id=69"},"modified":"2019-05-18T04:10:26","modified_gmt":"2019-05-18T04:10:26","slug":"solutions-erp","status":"publish","type":"page","link":"https:\/\/www.sam-solutions.ma\/es\/solutions-erp\/","title":{"rendered":"Solutions ERP"},"content":{"rendered":"<div id=\"pl-69\"  class=\"panel-layout\" ><div id=\"pg-69-0\"  class=\"panel-grid panel-no-style\" ><div id=\"pgc-69-0-0\"  class=\"panel-grid-cell\" ><div id=\"panel-69-0-0-0\" class=\"so-panel widget widget_sow-editor panel-first-child panel-last-child\" data-index=\"0\" ><div class=\"text-style panel-widget-style panel-widget-style-for-69-0-0-0\" ><div\n\t\t\t\n\t\t\tclass=\"so-widget-sow-editor so-widget-sow-editor-base\"\n\t\t\t\n\t\t>\n<div class=\"siteorigin-widget-tinymce textwidget\">\n\t<p>\u00a0\u00a0\u00a0 <span class=\"tlid-translation translation\" lang=\"es\">Cada empresa tiene una identidad, un negocio, una organizaci\u00f3n espec\u00edfica y evoluciona dentro de su propio ecosistema. Pero todos buscan, para apoyarlos en su desarrollo, una soluci\u00f3n de gesti\u00f3n integral (finanzas, comercio, producci\u00f3n, recursos humanos). , relaci\u00f3n con el cliente, log\u00edstica) y evolutivo que se adapta a sus desaf\u00edos empresariales, su tama\u00f1o y sus medios. Un ERP a su medida se convierte en el mejor activo. <\/span><\/p>\n<p><span class=\"tlid-translation translation\" lang=\"es\">\u00a0\u00a0 LES apela porque satisfacen todas las necesidades comerciales de las empresas. LLS acompa\u00f1a la evoluci\u00f3n de su estrategia de desarrollo de sus reglas de gesti\u00f3n y su organizaci\u00f3n. <\/span><\/p>\n<p><span class=\"tlid-translation translation\" lang=\"es\">\u00a0\u00a0 Ahora son seleccionados por las PYMES porque sus necesidades son comparables a las de las grandes cuentas, pero sus recursos financieros, humanos y de TI son m\u00e1s limitados. Una soluci\u00f3n integrada es un vector de rendimiento para estas PYMES si satisface todas las necesidades funcionales con un tiempo de implementaci\u00f3n y una apropiaci\u00f3n reducida. <\/span><\/p>\n<p><span class=\"tlid-translation translation\" lang=\"es\">\u00a0\u00a0 Las empresas medianas y grandes est\u00e1n buscando una soluci\u00f3n global que se integre perfectamente con su sistema de informaci\u00f3n existente. Quieren un ERP capaz de gestionar y centralizar o consolidar datos que a menudo provienen de entornos heterog\u00e9neos. Tambi\u00e9n deben tener en cuenta las limitaciones relacionadas con el grupo, su tama\u00f1o y sus medios. Un ERP a su medida se convierte en el mejor activo. y las obligaciones legales e internacionales de su organizaci\u00f3n.<\/span><\/p>\n<\/div>\n<\/div><\/div><\/div><\/div><div id=\"pgc-69-0-1\"  class=\"panel-grid-cell\" ><div id=\"panel-69-0-1-0\" class=\"so-panel widget widget_sow-editor panel-first-child\" data-index=\"1\" ><div class=\"panel-widget-style panel-widget-style-for-69-0-1-0\" ><div\n\t\t\t\n\t\t\tclass=\"so-widget-sow-editor so-widget-sow-editor-base\"\n\t\t\t\n\t\t>\n<div class=\"siteorigin-widget-tinymce textwidget\">\n\t<p style=\"text-align: center; color: #fff; font-size: 18px; background-color: #2f7fad; padding: 10px 0 10px 0;\"><span class=\"tlid-translation translation\" lang=\"es\" tabindex=\"-1\"><span title=\"\">Los mas<\/span><\/span><\/p>\n<p style=\"text-align: left; color: #ad2fa9;\"><span class=\"tlid-translation translation\" lang=\"es\" tabindex=\"-1\"><span title=\"\">\u00a0 Trabajo colaborativo eficaz.<\/span><\/span><\/p>\n<p style=\"text-align: left; color: #ad2fa9;\"><span class=\"tlid-translation translation\" lang=\"es\" tabindex=\"-1\"><span title=\"\">\u00a0 Direcci\u00f3n estrat\u00e9gica y operativa controlada.<\/span><\/span><\/p>\n<p style=\"text-align: left; color: #ad2fa9;\"><span class=\"tlid-translation translation\" lang=\"es\" tabindex=\"-1\"><span title=\"\">\u00a0 Relevancia empresarial mejorada<\/span><\/span><\/p>\n<p style=\"text-align: left; color: #ad2fa9;\"><span class=\"tlid-translation translation\" lang=\"es\" tabindex=\"-1\"><span class=\"\" title=\"\">\u00a0 Apertura garantizada y enmendabilidad.<\/span><\/span><\/p>\n<\/div>\n<\/div><\/div><\/div><div id=\"panel-69-0-1-1\" class=\"so-panel widget widget_sow-editor panel-last-child\" data-index=\"2\" ><div class=\"panel-widget-style panel-widget-style-for-69-0-1-1\" ><div\n\t\t\t\n\t\t\tclass=\"so-widget-sow-editor so-widget-sow-editor-base\"\n\t\t\t\n\t\t>\n<div class=\"siteorigin-widget-tinymce textwidget\">\n\t<p style=\"text-align: center; color: #fff; font-size: 18px; background-color: #2f7fad; padding: 10px 0 10px 0;\"><strong><span class=\"tlid-translation translation\" lang=\"es\" tabindex=\"-1\"><span title=\"\">Nuestras soluciones<\/span><\/span><\/strong><\/p>\n<p style=\"text-align: left; color: #ad2fa9;\"><strong> SAM 100 <span class=\"tlid-translation translation\" lang=\"es\" tabindex=\"-1\"><span class=\"\" title=\"\">Suite de contabilidad y finanzas <\/span><\/span><\/strong><br \/>\n<span class=\"tlid-translation translation\" lang=\"es\" tabindex=\"-1\"><span class=\"\" title=\"\">Potente gesti\u00f3n diaria y automatizaci\u00f3n de procesos<strong>.<\/strong><\/span><\/span><\/p>\n<p style=\"text-align: left; color: #ad2fa9;\"><strong> SAM100 <span class=\"tlid-translation translation\" lang=\"es\"><span class=\"\" title=\"\">Empresa <\/span><\/span><\/strong><br \/>\n<span class=\"tlid-translation translation\" lang=\"es\"><span class=\"\" title=\"\">Desarrollo de negocio y respuesta a sus requerimientos de negocio.<\/span><\/span><\/p>\n<p style=\"text-align: left; color: #ad2fa9;\"><strong> SAM 1000 - FRP ( <span class=\"tlid-translation translation\" lang=\"es\"><span class=\"\" title=\"\">Planificaci\u00f3n de recursos financieros<\/span><\/span> )<\/strong><br \/>\n<span class=\"tlid-translation translation\" lang=\"es\"><span class=\"\" title=\"\">Respondiendo a los nuevos retos de los CFOs<\/span><\/span><\/p>\n<p style=\"text-align: left; color: #ad2fa9;\"><strong>SAM X3 Standard Edition<\/strong><br \/>\n<span class=\"tlid-translation translation\" lang=\"es\"><span class=\"\" title=\"\">100% pre-parametrizado, simple, r\u00e1pido y econ\u00f3mico.<\/span><\/span><\/p>\n<p style=\"text-align: left; color: #ad2fa9;\"><strong>SAM X3 Standard Premium Edition<\/strong><br \/>\n<span class=\"tlid-translation translation\" lang=\"es\"><span class=\"\" title=\"\">Punto de referencia ERP para empresas industriales, de servicios y comerciales.<\/span><\/span><\/p>\n<p>&nbsp;<\/p>\n<\/div>\n<\/div><\/div><\/div><\/div><\/div><\/div>","protected":false},"excerpt":{"rendered":"<p>\u00a0\u00a0\u00a0 Cada empresa tiene una identidad, un negocio, una organizaci\u00f3n espec\u00edfica y evoluciona dentro de su propio ecosistema. Pero todos buscan, para apoyarlos en su desarrollo, una soluci\u00f3n de gesti\u00f3n integral (finanzas, comercio, producci\u00f3n, recursos humanos). , relaci\u00f3n con el &hellip; <a href=\"https:\/\/www.sam-solutions.ma\/es\/solutions-erp\/\">Read More<\/a><\/p>\n","protected":false},"author":1,"featured_media":0,"parent":0,"menu_order":0,"comment_status":"closed","ping_status":"closed","template":"page-fullwidth.php","meta":{"footnotes":""},"class_list":["post-69","page","type-page","status-publish","hentry"],"aioseo_notices":[],"_links":{"self":[{"href":"https:\/\/www.sam-solutions.ma\/es\/wp-json\/wp\/v2\/pages\/69","targetHints":{"allow":["GET"]}}],"collection":[{"href":"https:\/\/www.sam-solutions.ma\/es\/wp-json\/wp\/v2\/pages"}],"about":[{"href":"https:\/\/www.sam-solutions.ma\/es\/wp-json\/wp\/v2\/types\/page"}],"author":[{"embeddable":true,"href":"https:\/\/www.sam-solutions.ma\/es\/wp-json\/wp\/v2\/users\/1"}],"replies":[{"embeddable":true,"href":"https:\/\/www.sam-solutions.ma\/es\/wp-json\/wp\/v2\/comments?post=69"}],"version-history":[{"count":17,"href":"https:\/\/www.sam-solutions.ma\/es\/wp-json\/wp\/v2\/pages\/69\/revisions"}],"predecessor-version":[{"id":2038,"href":"https:\/\/www.sam-solutions.ma\/es\/wp-json\/wp\/v2\/pages\/69\/revisions\/2038"}],"wp:attachment":[{"href":"https:\/\/www.sam-solutions.ma\/es\/wp-json\/wp\/v2\/media?parent=69"}],"curies":[{"name":"wp","href":"https:\/\/api.w.org\/{rel}","templated":true}]}}